{"id":18,"date":"2015-09-25T13:11:35","date_gmt":"2015-09-25T13:11:35","guid":{"rendered":"http:\/\/fatwas-caricatures.fr\/?page_id=18"},"modified":"2015-09-25T15:21:03","modified_gmt":"2015-09-25T15:21:03","slug":"preface","status":"publish","type":"page","link":"https:\/\/fatwas-caricatures.fr\/index.php\/preface\/","title":{"rendered":"Pr\u00e9face"},"content":{"rendered":"<p>Le 7 janvier 2015, me trouvant au Liban, j\u2019ai appris que des terroristes avaient assassin\u00e9 des journalistes \u00e0 Paris.<\/p>\n<p>Ma premi\u00e8re pens\u00e9e a \u00e9t\u00e9 de r\u00e9volte, car je refuse le meurtre. A fortiori quand il a pour but de r\u00e9pandre la terreur et de recruter des assassins.<\/p>\n<p>C\u2019est en effet pour se faire de la publicit\u00e9 qu\u2019Al-Qa\u00efda et Daech commettent des crimes spectaculaires en Occident, ou se font filmer \u00e9gorgeant des innocents. Cela leur permet de se faire conna\u00eetre, non seulement des islamistes, mais aussi des d\u00e9linquants. Dans le monde de la p\u00e8gre, les petits criminels admirent les grands, et le succ\u00e8s des terroristes suscite un grand nombre de vocations. Plus d\u2019un d\u00e9linquant verra dans le crime terroriste un moyen de passer du statut de \u00ab pauvre type \u00bb \u00e0 celui de \u00ab h\u00e9ros \u00bb.<\/p>\n<p>Pour ne pas entrer dans le jeu des organisations terroristes, il aurait fallu traiter les assassins de Charlie Hebdo comme des malades et des criminels de droit commun, car c\u2019est ce qu\u2019ils sont.<br \/>\nLoin de faire cela, le gouvernement fran\u00e7ais a organis\u00e9 une manifestation d\u2019envergure mondiale. Et le 11 janvier 2015, des dizaines de chefs d\u2019\u00c9tat ou leurs repr\u00e9sentants d\u00e9filaient \u00e0 la t\u00eate d\u2019une grande foule. Ces chefs d\u2019\u00c9tat disaient protester contre la pr\u00e9tention des islamistes \u00e0 limiter la libert\u00e9 d\u2019expression des \u00abblasph\u00e9mateurs \u00bb et des autres.<\/p>\n<p>Mais ils ne protestaient pas contre les r\u00e9gimes islamistes qui payaient en Occident des pr\u00e9dicateurs pour commander de tuer ces \u00abblasph\u00e9mateurs\u00bb. (Au contraire, ces r\u00e9gimes avaient \u00e9t\u00e9 invit\u00e9s \u00e0 la manifestation.)<\/p>\n<p>Ils ne protestaient pas non plus contre les islamistes saoudiens qui, le 9 janvier 2015, avaient fouett\u00e9 le citoyen Raif Badawi, parce qu\u2019il avait d\u00e9fendu les droits de l\u2019homme. (Au contraire, ceux-ci participaient \u00e0 la manifestation.)<\/p>\n<p>Ces chefs oubliaient \u00e9galement de protester parce que des islamistes se r\u00e9clamant de Daech venaient d\u2019assassiner deux mille Nig\u00e9rians \u2014 des civils pour la plupart.<br \/>\nEt en avril 2015, ils ne manifesteront pas en apprenant qu\u2019Al-Qa\u00efda avait tu\u00e9 150 \u00e9tudiants kenyans dans un campus.<\/p>\n<p>Face \u00e0 toutes ces horreurs, il fallait que j\u2019\u00e9crive un livre pour montrer que le terroriste n\u2019est qu\u2019un ex\u00e9cutant et que certains r\u00e9gimes ont pay\u00e9 des milliards de dollars pour laver son cerveau et ceux de bien d\u2019autres en Occident. Il allait que je traduise les textes dans lesquels ces m\u00eames r\u00e9gimes se vantent d\u2019avoir financ\u00e9 en Occident l\u2019enseignement du salafisme (qui ordonne de tuer \u00ab l\u2019insulteur de Mahomet \u00bb). Car cet enseignement a caus\u00e9 les \u00e9meutes de l\u2019affaire Rushdie et de l\u2019affaire des caricatures de Mahomet, la vocation de Ben Laden, l\u2019institution d\u2019Al- Qa\u00efda et de Daech, et les attentats et autres crimes qui sont commis tous les jours au nom de l\u2019Islam salafiste.<br \/>\nJe publie ici en fac-simil\u00e9 les textes islamistes es plus incroyables qui circulent en Occident, surtout ceux en fran\u00e7ais. Car dans des livres publi\u00e9s \u00e0 Paris m\u00eame, on appelle \u00e0 amputer la main du voleur, \u00e0 pratiquer l\u2019esclavagisme, \u00e0 coucher avec les captives de guerre m\u00eame si elles ont moins de dix ans, \u00e0 consid\u00e9rer l\u2019esclave comme un animal, \u00e0 fouetter le buveur de vin, \u00e0 tuer le musulman qui ne fait pas ses pri\u00e8res ou qui quitte l\u2019Islam, et, bien s\u00fbr, \u00e0 tuer \u00ab l\u2019insulteur de Mahomet \u00bb.<br \/>\nPour arr\u00eater le terrorisme, c\u2019est \u00e0 la source qu\u2019il faut frapper en appliquant la loi qui, en France, consid\u00e8re l\u2019incitation au racisme, ou au sexisme, ou \u00e0 l\u2019esclavagisme, ou au meurtre, ou \u00e0 la mutilation, comme un d\u00e9lit passible de prison, ou au moins d\u2019amendes. Tant qu\u2019on ne fera pas cela, on pourra tuer ou mettre en prison des terroristes, cela ne changera rien, il y en aura d\u2019autres.<br \/>\nIl s\u2019agit d\u2019un crime de non-assistance \u00e0 personne en danger. Et je pense d\u2019abord aux adolescents fragiles et aux parias qui, \u00e0 cause de notre l\u00e2chet\u00e9, deviennent djihadistes et meurent pour avoir voulu tuer.<\/p>\n<p>Je sais qu\u2019avec \u00ab Fatwas et Caricatures \u00bb, je vais me faire de nouveaux ennemis, et j\u2019ai de la peine parce que certains d\u2019entre eux seront de bonne foi. Mais je reprends \u00e0 mon compte ces mots de Charles P\u00e9guy :<\/p>\n<p>\u00ab Si la v\u00e9rit\u00e9 blesse une organisation, taira-t-on la v\u00e9rit\u00e9 ? Si le mensonge favorise une organisation, dira-t-on le mensonge ? Vraiment \u00e0 la v\u00e9rit\u00e9 blessante on fera l\u2019honneur de ne pas la traiter plus mal que le mensonge blessant ? Mais, taire la v\u00e9rit\u00e9, n\u2019est-ce pas d\u00e9j\u00e0 mentir ? Qui ne gueule pas la v\u00e9rit\u00e9, quand il sait la v\u00e9rit\u00e9, se fait le complice des menteurs et des faussaires ! \u00bb<br \/>\nJe vais donc \u00ab gueuler la v\u00e9rit\u00e9 \u00bb dans Fatwas et Caricatures, que je d\u00e9die \u00e0 toutes les victimes des agissements que d\u00e9nonce ce livre, ainsi qu\u2019\u00e0 tous ceux qui les ont combattus et les combattent encore.<br \/>\nJe le d\u00e9die aussi \u00e0 tous ceux qui souffrent. Qu\u2019ils se rappellent que les t\u00e9n\u00e8bres les plus noires sont celles qui pr\u00e9c\u00e8dent l\u2019aube.<\/p>\n<p>Cela, je me le dis tous les jours \u00e0 moi-m\u00eame pour avoir le courage de continuer.<\/p>\n<p>Lina Murr Nehm\u00e9<\/p>\n","protected":false},"excerpt":{"rendered":"<p>Le 7 janvier 2015, me trouvant au Liban, j\u2019ai appris que des terroristes avaient assassin\u00e9 des journalistes \u00e0 Paris. Ma premi\u00e8re pens\u00e9e a \u00e9t\u00e9 de r\u00e9volte, car je refuse le meurtre. A fortiori quand il a pour but de r\u00e9pandre la terreur et de recruter des assassins. C\u2019est en effet pour se faire de la &hellip; <a href=\"https:\/\/fatwas-caricatures.fr\/index.php\/preface\/\" class=\"more-link\">Continuer la lecture de <span class=\"screen-reader-text\">Pr\u00e9face<\/span><\/a><\/p>\n","protected":false},"author":1,"featured_media":0,"parent":0,"menu_order":0,"comment_status":"closed","ping_status":"closed","template":"","meta":{"footnotes":""},"class_list":["post-18","page","type-page","status-publish","hentry"],"_links":{"self":[{"href":"https:\/\/fatwas-caricatures.fr\/index.php\/wp-json\/wp\/v2\/pages\/18","targetHints":{"allow":["GET"]}}],"collection":[{"href":"https:\/\/fatwas-caricatures.fr\/index.php\/wp-json\/wp\/v2\/pages"}],"about":[{"href":"https:\/\/fatwas-caricatures.fr\/index.php\/wp-json\/wp\/v2\/types\/page"}],"author":[{"embeddable":true,"href":"https:\/\/fatwas-caricatures.fr\/index.php\/wp-json\/wp\/v2\/users\/1"}],"replies":[{"embeddable":true,"href":"https:\/\/fatwas-caricatures.fr\/index.php\/wp-json\/wp\/v2\/comments?post=18"}],"version-history":[{"count":3,"href":"https:\/\/fatwas-caricatures.fr\/index.php\/wp-json\/wp\/v2\/pages\/18\/revisions"}],"predecessor-version":[{"id":31,"href":"https:\/\/fatwas-caricatures.fr\/index.php\/wp-json\/wp\/v2\/pages\/18\/revisions\/31"}],"wp:attachment":[{"href":"https:\/\/fatwas-caricatures.fr\/index.php\/wp-json\/wp\/v2\/media?parent=18"}],"curies":[{"name":"wp","href":"https:\/\/api.w.org\/{rel}","templated":true}]}}