{"id":22,"date":"2015-09-25T14:04:50","date_gmt":"2015-09-25T14:04:50","guid":{"rendered":"http:\/\/fatwas-caricatures.fr\/?page_id=22"},"modified":"2015-10-26T15:42:39","modified_gmt":"2015-10-26T15:42:39","slug":"introduction-au-livre","status":"publish","type":"page","link":"https:\/\/fatwas-caricatures.fr\/","title":{"rendered":"Pr\u00e9sentation du livre"},"content":{"rendered":"<p><em>Quels sont les fatwas, les sermons, les livres, les financiers qui ont caus\u00e9 la naissance et la mont\u00e9e d\u2019Al-Qaida et Daech\u2008? Comment les terroristes justifient-ils les tueries de Montauban, de Charlie Hebdo et du supermarch\u00e9 cacher\u2008? <\/p>\n<p>Quel est le v\u00e9ritable enseignement dispens\u00e9 par les islamistes en France, en Belgique, en Angleterre, aux \u00c9tats-Unis, en Allemagne \u2014 y compris par des islamistes polis comme Tariq Ramadan\u2008?<\/p>\n<p>Quel est le v\u00e9ritable but des Fr\u00e8res Musulmans en Europe\u2008?<\/p>\n<p>Fatwas et Caricatures r\u00e9pond \u00e0 toutes ces questions avec une collection de citations et de documents parfois stup\u00e9fiants.<\/em><\/p>\n<p>Le livre se pr\u00e9sente en deux parties:<\/p>\n<p>I &#8211; Fatwas contre l\u2019insulteur de Mahomet, mont\u00e9e des int\u00e9grismes islamiques, enseignement des islamistes, financement de cet enseignement.<\/p>\n<p>II &#8211; Mont\u00e9e du terrorisme islamique, d\u2019Al-Qaida jusqu\u2019aux djihadistes occidentaux, et les cons\u00e9quences\u2008: guerre contre les caricaturistes, contre le pape, attentats de Charlie Hebdo, massacres dans le tiers-monde, etc.<\/p>\n","protected":false},"excerpt":{"rendered":"<p>Quels sont les fatwas, les sermons, les livres, les financiers qui ont caus\u00e9 la naissance et la mont\u00e9e d\u2019Al-Qaida et Daech\u2008? Comment les terroristes justifient-ils les tueries de Montauban, de Charlie Hebdo et du supermarch\u00e9 cacher\u2008? Quel est le v\u00e9ritable enseignement dispens\u00e9 par les islamistes en France, en Belgique, en Angleterre, aux \u00c9tats-Unis, en Allemagne &hellip; <a href=\"https:\/\/fatwas-caricatures.fr\/\" class=\"more-link\">Continuer la lecture de <span class=\"screen-reader-text\">Pr\u00e9sentation du livre<\/span><\/a><\/p>\n","protected":false},"author":1,"featured_media":0,"parent":0,"menu_order":0,"comment_status":"closed","ping_status":"closed","template":"","meta":{"footnotes":""},"class_list":["post-22","page","type-page","status-publish","hentry"],"_links":{"self":[{"href":"https:\/\/fatwas-caricatures.fr\/index.php\/wp-json\/wp\/v2\/pages\/22","targetHints":{"allow":["GET"]}}],"collection":[{"href":"https:\/\/fatwas-caricatures.fr\/index.php\/wp-json\/wp\/v2\/pages"}],"about":[{"href":"https:\/\/fatwas-caricatures.fr\/index.php\/wp-json\/wp\/v2\/types\/page"}],"author":[{"embeddable":true,"href":"https:\/\/fatwas-caricatures.fr\/index.php\/wp-json\/wp\/v2\/users\/1"}],"replies":[{"embeddable":true,"href":"https:\/\/fatwas-caricatures.fr\/index.php\/wp-json\/wp\/v2\/comments?post=22"}],"version-history":[{"count":4,"href":"https:\/\/fatwas-caricatures.fr\/index.php\/wp-json\/wp\/v2\/pages\/22\/revisions"}],"predecessor-version":[{"id":137,"href":"https:\/\/fatwas-caricatures.fr\/index.php\/wp-json\/wp\/v2\/pages\/22\/revisions\/137"}],"wp:attachment":[{"href":"https:\/\/fatwas-caricatures.fr\/index.php\/wp-json\/wp\/v2\/media?parent=22"}],"curies":[{"name":"wp","href":"https:\/\/api.w.org\/{rel}","templated":true}]}}