{"id":39,"date":"2015-09-26T10:04:47","date_gmt":"2015-09-26T10:04:47","guid":{"rendered":"http:\/\/fatwas-caricatures.fr\/?page_id=39"},"modified":"2015-09-26T10:32:51","modified_gmt":"2015-09-26T10:32:51","slug":"videos","status":"publish","type":"page","link":"https:\/\/fatwas-caricatures.fr\/index.php\/videos\/","title":{"rendered":"Vid\u00e9os"},"content":{"rendered":"<p>Cette page contient les ressources vid\u00e9o et audio cit\u00e9es dans le livre \u00ab\u00a0Fatwas et Caricatures\u00a0\u00bb<br \/>\n<br \/>\n<strong>Manifestation devant l&rsquo;ambassade du Danemark \u00e0 Londres.<\/strong><br \/>\nVid\u00e9o par: NEFA<br \/>\n<iframe loading=\"lazy\" width=\"560\" height=\"315\" src=\"https:\/\/www.youtube.com\/embed\/qL60TzF649c\" frameborder=\"0\" allowfullscreen><\/iframe><br \/>\n<br \/>\n<strong>Discours de l&rsquo;Imam Abu Laban a Copenhague apr\u00e8s le meurtre de Theo van Gogh<\/strong><br \/>\nMontage par: blogbalderorg (sur Youtube)<br \/>\n<iframe loading=\"lazy\" width=\"560\" height=\"315\" src=\"https:\/\/www.youtube.com\/embed\/fYvRF60O5EY\" frameborder=\"0\" allowfullscreen><\/iframe><br \/>\n<br \/>\n<strong>Tariq Ramadan: Nous sommes des agents de la paix<\/strong><br \/>\nVid\u00e9o par: ACSE<br \/>\n<iframe loading=\"lazy\" width=\"560\" height=\"315\" src=\"https:\/\/www.youtube.com\/embed\/3fW-JrATYQg\" frameborder=\"0\" allowfullscreen><\/iframe><br \/>\n<br \/>\n<strong>Fabrice Balanche: \u00abIl y a au moins 2000 djihadistes fran\u00e7ais\u00bb<\/strong><br \/>\nSource: RMC<br \/>\n<iframe loading=\"lazy\" width=\"560\" height=\"315\" src=\"https:\/\/www.youtube.com\/embed\/Y9cN2GjrB50\" frameborder=\"0\" allowfullscreen><\/iframe><\/p>\n<style>\n.shareiconA {\n\tfont: 11px\/27px \"Comic Sans MS\", cursive, sans-serif;\n\tdisplay: inline-block;\n\theight: 60px;\n\tpadding: 0 14px;\n\tcolor: black;\n\ttext-align: center;\n\ttext-decoration: none;\n}\n.shareiconSVG {\n\tdisplay: block;\n\twidth: 20px;\n\tmax-width: 20px;\n}\n<\/style><a href=\"mailto:?subject=Vid%C3%A9os&amp;body=Tr%C3%A8s%20int%C3%A9ressant%21%20%28Du%20livre%20Fatwas%20et%20Caricatures%29%0A%0AVid%C3%A9os%0ACette%20page%20contient%20les%20ressources%20vid%C3%A9o%20et%20audio%20cit%C3%A9es%20dans%20le%20livre%20%C2%AB%C2%A0Fatwas%20et%20Caricatures%C2%A0%C2%BB%20Manifestation%20devant%20l%26rsquo%3Bambassade%20du%20Danemark%20%C3%A0%20Londres.%20Vid%C3%A9o%20par%3A%20NEFA%20Discours%20de%20l%26rsquo%3BImam%20Abu%20Laban%20a%20Copenhague%20apr%C3%A8s%20le%20meurtre%20de%20Theo%20van%20Gogh%20Montage%20par%3A%20blogbalderorg%20%28sur%20Youtube%29%20Tariq%20Ramadan%3A%20Nous%20sommes%20des%20agents%20de%20la%20paix%20Vid%C3%A9o%20par%3A%20%26hellip%3B%20%3Ca%20href%3D%22https%3A%2F%2Ffatwas-caricatures.fr%2Findex.php%2Fvideos%2F%22%20class%3D%22more-link%22%3EContinuer%20la%20lecture%20de%20%3Cspan%20class%3D%22screen-reader-text%22%3EVid%C3%A9os%3C%2Fspan%3E%3C%2Fa%3E%0A%0Ahttps%3A%2F%2Ffatwas-caricatures.fr%2Findex.php%2Fvideos%2F\" class=\"shareiconA\">Email<\/a><a href=\"https:\/\/twitter.com\/intent\/tweet?url=https%3A%2F%2Ffatwas-caricatures.fr%2Findex.php%2Fvideos%2F&amp;text=Vid%C3%A9os%20-%20Cette%20page%20contient%20les%20ressources%20vid%C3%A9o%20et%20audio%20cit%C3%A9es%20dans%20le%20livre%20%C2%AB%C2%A0Fatwas%20et%20Car...%20https%3A%2F%2Ffatwas-caricatures.fr%2F%3Fp%3D39\" target=\"_blank\" class=\"shareiconA\">Twitter<\/a><a href=\"https:\/\/www.facebook.com\/sharer\/sharer.php?u=https%3A%2F%2Ffatwas-caricatures.fr%2Findex.php%2Fvideos%2F\" target=\"_blank\" class=\"shareiconA\">Facebook<\/a><a href=\"https:\/\/pinterest.com\/pin\/create\/button\/?url=https%3A%2F%2Ffatwas-caricatures.fr%2Findex.php%2Fvideos%2F&amp;media=&amp;description=Vid%C3%A9os%20-%20Cette%20page%20contient%20les%20ressources%20vid%C3%A9o%20et%20audio%20cit%C3%A9es%20dans%20le%20livre%20%C2%AB%C2%A0Fatwas%20et%20Caricatures%C2%A0%C2%BB%20Manifestation%20devant%20l%26rsquo%3Bambassade%20du%20Danemark%20%C3%A0%20Londres.%20Vid%C3%A9o%20par%3A%20NEFA%20Discours%20de%20l%26rsquo%3BImam%20Abu%20Laban%20a%20Copenhague%20apr%C3%A8s%20le%20meurtre%20de%20Theo%20van%20Gogh%20Montage%20par%3A%20blogbalderorg%20%28sur%20Youtube%29%20Tariq%20Ramadan%3A%20Nous%20sommes%20des%20agents%20de%20la%20paix%20Vid%C3%A9o%20par%3A%20%26hellip%3B%20%3Ca%20href%3D%22https%3A%2F%2Ffatwas-caricatures.fr%2Findex.php%2Fvideos%2F%22%20class%3D%22more-link%22%3EContinuer%20la%20lecture%20de%20%3Cspan%20class%3D%22screen-reader-text%22%3EVid%C3%A9os%3C%2Fspan%3E%3C%2Fa%3E\" target=\"_blank\" class=\"shareiconA\">Pinterest<\/a><a href=\"https:\/\/plus.google.com\/share?url=https%3A%2F%2Ffatwas-caricatures.fr%2Findex.php%2Fvideos%2F\" target=\"_blank\" class=\"shareiconA\">Google+<\/a><a href=\"https:\/\/www.linkedin.com\/shareArticle?mini=true&amp;url=https%3A%2F%2Ffatwas-caricatures.fr%2Findex.php%2Fvideos%2F&amp;title=Vid%C3%A9os&amp;summary=Cette%20page%20contient%20les%20ressources%20vid%C3%A9o%20et%20audio%20cit%C3%A9es%20dans%20le%20livre%20%C2%AB%C2%A0Fatwas%20et%20Caricatures%C2%A0%C2%BB%20Manifestation%20devant%20l%26rsquo%3Bambassade%20du%20Danemark%20%C3%A0%20Londres.%20Vid%C3%A9o%20par%3A%20NEFA%20Discours%20de%20l%26rsquo%3BImam%20Abu%20Laban%20a%20Copenhague%20apr%C3%A8s%20le%20meurtre%20de%20Theo%20van%20Gogh%20Montage%20par%3A%20blogbalderorg%20%28sur%20Youtube%29%20Tariq%20Ramadan%3A%20Nous%20sommes%20des%20agents%20de%20la%20paix%20Vid%C3%A9o%20par%3A%20%26hellip%3B%20%3Ca%20href%3D%22https%3A%2F%2Ffatwas-caricatures.fr%2Findex.php%2Fvideos%2F%22%20class%3D%22more-link%22%3EContinuer%20la%20lecture%20de%20%3Cspan%20class%3D%22screen-reader-text%22%3EVid%C3%A9os%3C%2Fspan%3E%3C%2Fa%3E\" target=\"_blank\" class=\"shareiconA\">LinkedIn<\/a>\n","protected":false},"excerpt":{"rendered":"<p>Cette page contient les ressources vid\u00e9o et audio cit\u00e9es dans le livre \u00ab\u00a0Fatwas et Caricatures\u00a0\u00bb Manifestation devant l&rsquo;ambassade du Danemark \u00e0 Londres. Vid\u00e9o par: NEFA Discours de l&rsquo;Imam Abu Laban a Copenhague apr\u00e8s le meurtre de Theo van Gogh Montage par: blogbalderorg (sur Youtube) Tariq Ramadan: Nous sommes des agents de la paix Vid\u00e9o par: &hellip; <a href=\"https:\/\/fatwas-caricatures.fr\/index.php\/videos\/\" class=\"more-link\">Continuer la lecture de <span class=\"screen-reader-text\">Vid\u00e9os<\/span><\/a><\/p>\n","protected":false},"author":1,"featured_media":0,"parent":0,"menu_order":0,"comment_status":"closed","ping_status":"closed","template":"","meta":{"footnotes":""},"class_list":["post-39","page","type-page","status-publish","hentry"],"_links":{"self":[{"href":"https:\/\/fatwas-caricatures.fr\/index.php\/wp-json\/wp\/v2\/pages\/39","targetHints":{"allow":["GET"]}}],"collection":[{"href":"https:\/\/fatwas-caricatures.fr\/index.php\/wp-json\/wp\/v2\/pages"}],"about":[{"href":"https:\/\/fatwas-caricatures.fr\/index.php\/wp-json\/wp\/v2\/types\/page"}],"author":[{"embeddable":true,"href":"https:\/\/fatwas-caricatures.fr\/index.php\/wp-json\/wp\/v2\/users\/1"}],"replies":[{"embeddable":true,"href":"https:\/\/fatwas-caricatures.fr\/index.php\/wp-json\/wp\/v2\/comments?post=39"}],"version-history":[{"count":4,"href":"https:\/\/fatwas-caricatures.fr\/index.php\/wp-json\/wp\/v2\/pages\/39\/revisions"}],"predecessor-version":[{"id":45,"href":"https:\/\/fatwas-caricatures.fr\/index.php\/wp-json\/wp\/v2\/pages\/39\/revisions\/45"}],"wp:attachment":[{"href":"https:\/\/fatwas-caricatures.fr\/index.php\/wp-json\/wp\/v2\/media?parent=39"}],"curies":[{"name":"wp","href":"https:\/\/api.w.org\/{rel}","templated":true}]}}