{"id":51,"date":"2015-10-26T14:55:07","date_gmt":"2015-10-26T14:55:07","guid":{"rendered":"http:\/\/fatwas-caricatures.fr\/?page_id=51"},"modified":"2015-10-26T15:58:28","modified_gmt":"2015-10-26T15:58:28","slug":"acheter-le-livre","status":"publish","type":"page","link":"https:\/\/fatwas-caricatures.fr\/index.php\/acheter-le-livre\/","title":{"rendered":"Acheter le livre"},"content":{"rendered":"<p>En France, \u00ab\u00a0Fatwas et Caricatures\u00a0\u00bb peut \u00eatre trouv\u00e9 ou command\u00e9 dans de tr\u00e8s nombreuses librairies, notamment \u00e0 la FNAC, \u00e0 la Procure, dans les magasins de la cha\u00eene de supermarch\u00e9s Leclerc, chez Gibert, etc. <\/p>\n<p>On le trouve \u00e9galement dans plusieurs libraires francophones en Suisse, Belgique et au Canada. (\u00c0 ce sujet contacter l&rsquo;\u00e9diteur.)<\/p>\n<p>Au Liban, on le trouve dans les librairies Antoine, et il peut \u00eatre command\u00e9 par les autres directement chez l&rsquo;\u00e9diteur.<\/p>\n<p>Il est \u00e9galement disponible en ligne, notamment sur les sites suivants:<\/p>\n<ul>\n<li><a href=\"http:\/\/www.editions-salvator.com\/A-24147-fatwas-et-caricatures.-la-strategie-de-l-islamisme.aspx\" target=\"_blank\">Chez l&rsquo;\u00e9diteur<\/a><\/li>\n<li><a href=\"http:\/\/www.amazon.fr\/Fatwas-caricatures-Lina-Murr-Nehm%C3%A9\/dp\/2706713305\/\" target=\"_blank\">Amazon.fr<\/a><\/li>\n<li><a href=\"http:\/\/livre.fnac.com\/a9077568\/Lina-Murr-Nehme-Fatwas-et-caricatures\" target=\"_blank\">FNAC<\/a><\/li>\n<li><a href=\"http:\/\/www.e-leclerc.com\/espace+culturel\/produit\/fatwas-et-caricatures-la-strat%C3%A9gie-de-l-islam-face-aux-chr%C3%A9tiens-au-moyen-orient,28614739\/\" target=\"_blank\">Leclerc<\/a><\/li>\n","protected":false},"excerpt":{"rendered":"<p>En France, \u00ab\u00a0Fatwas et Caricatures\u00a0\u00bb peut \u00eatre trouv\u00e9 ou command\u00e9 dans de tr\u00e8s nombreuses librairies, notamment \u00e0 la FNAC, \u00e0 la Procure, dans les magasins de la cha\u00eene de supermarch\u00e9s Leclerc, chez Gibert, etc. On le trouve \u00e9galement dans plusieurs libraires francophones en Suisse, Belgique et au Canada. (\u00c0 ce sujet contacter l&rsquo;\u00e9diteur.) Au Liban, &hellip; <a href=\"https:\/\/fatwas-caricatures.fr\/index.php\/acheter-le-livre\/\" class=\"more-link\">Continuer la lecture de <span class=\"screen-reader-text\">Acheter le livre<\/span><\/a><\/p>\n","protected":false},"author":1,"featured_media":0,"parent":0,"menu_order":0,"comment_status":"closed","ping_status":"closed","template":"","meta":{"footnotes":""},"class_list":["post-51","page","type-page","status-publish","hentry"],"_links":{"self":[{"href":"https:\/\/fatwas-caricatures.fr\/index.php\/wp-json\/wp\/v2\/pages\/51","targetHints":{"allow":["GET"]}}],"collection":[{"href":"https:\/\/fatwas-caricatures.fr\/index.php\/wp-json\/wp\/v2\/pages"}],"about":[{"href":"https:\/\/fatwas-caricatures.fr\/index.php\/wp-json\/wp\/v2\/types\/page"}],"author":[{"embeddable":true,"href":"https:\/\/fatwas-caricatures.fr\/index.php\/wp-json\/wp\/v2\/users\/1"}],"replies":[{"embeddable":true,"href":"https:\/\/fatwas-caricatures.fr\/index.php\/wp-json\/wp\/v2\/comments?post=51"}],"version-history":[{"count":19,"href":"https:\/\/fatwas-caricatures.fr\/index.php\/wp-json\/wp\/v2\/pages\/51\/revisions"}],"predecessor-version":[{"id":138,"href":"https:\/\/fatwas-caricatures.fr\/index.php\/wp-json\/wp\/v2\/pages\/51\/revisions\/138"}],"wp:attachment":[{"href":"https:\/\/fatwas-caricatures.fr\/index.php\/wp-json\/wp\/v2\/media?parent=51"}],"curies":[{"name":"wp","href":"https:\/\/api.w.org\/{rel}","templated":true}]}}